{"id":3,"date":"2025-09-17T08:09:24","date_gmt":"2025-09-17T08:09:24","guid":{"rendered":"http:\/\/propietarios.roomuscr.com\/?page_id=3"},"modified":"2025-09-18T12:51:14","modified_gmt":"2025-09-18T12:51:14","slug":"privacy-policy","status":"publish","type":"page","link":"https:\/\/propietarios.roomuscr.com\/index.php\/privacy-policy\/","title":{"rendered":"Pol\u00edtica de Privacidad"},"content":{"rendered":"\t\t<div data-elementor-type=\"wp-page\" data-elementor-id=\"3\" class=\"elementor elementor-3\" data-elementor-post-type=\"page\">\n\t\t\t\t<div class=\"elementor-element elementor-element-4140e1bd e-flex e-con-boxed e-con e-parent\" data-id=\"4140e1bd\" data-element_type=\"container\">\n\t\t\t\t\t<div class=\"e-con-inner\">\n\t\t\t\t<div class=\"elementor-element elementor-element-6c9027d elementor-widget elementor-widget-heading\" data-id=\"6c9027d\" data-element_type=\"widget\" data-widget_type=\"heading.default\">\n\t\t\t\t\t<h2 class=\"elementor-heading-title elementor-size-default\">Pol\u00edticas de Privacidad<\/h2>\t\t\t\t<\/div>\n\t\t\t\t<div class=\"elementor-element elementor-element-2b046010 elementor-widget elementor-widget-text-editor\" data-id=\"2b046010\" data-element_type=\"widget\" data-widget_type=\"text-editor.default\">\n\t\t\t\t\t\t\t\t\t<p>En cumplimiento con lo dispuesto en el Reglamento (UE) 2016\/679 (RGPD) y la Ley Org\u00e1nica 3\/2018 de Protecci\u00f3n de Datos Personales y Garant\u00eda de los Derechos Digitales (LOPDGDD), le informo de lo siguiente:<\/p><p>1. Responsable del tratamiento<\/p><p>El responsable de los datos facilitados es Javier Garc\u00eda Rivas, actuando como particular, con el fin de contactar con propietarios interesados en alquilar habitaciones en Ciudad Real.<\/p><p>2. Datos que se recogen<br \/>\u2022 Nombre y apellidos<br \/>\u2022 Email<br \/>\u2022 Tel\u00e9fono<br \/>\u2022 Informaci\u00f3n relacionada con la vivienda (n\u00famero de habitaciones, disponibilidad, etc.)<\/p><p>3. Finalidad del tratamiento<\/p><p>Los datos se recogen con las siguientes finalidades:<br \/>\u2022 Contactar con los propietarios que soliciten informaci\u00f3n.<br \/>\u2022 Valorar la posibilidad de gestionar viviendas de terceros en r\u00e9gimen de alquiler de habitaciones.<br \/>\u2022 Mantener comunicaciones estrictamente relacionadas con este servicio.<\/p><p>4. Legitimaci\u00f3n<\/p><p>La base legal es el consentimiento del interesado al aceptar esta Pol\u00edtica de Privacidad.<\/p><p>5. Conservaci\u00f3n de los datos<\/p><p>Los datos se conservar\u00e1n \u00fanicamente durante el tiempo necesario para atender las consultas y comunicaciones con el propietario.<\/p><p>6. Cesi\u00f3n de datos<\/p><p>No se ceder\u00e1n los datos a terceros salvo obligaci\u00f3n legal.<\/p><p>7. Derechos<\/p><p>Puede ejercer sus derechos de acceso, rectificaci\u00f3n, supresi\u00f3n, limitaci\u00f3n y oposici\u00f3n escribiendo a: info@roomuscr.com<\/p><p>8. Seguridad<\/p><p>Los datos se tratar\u00e1n de manera confidencial y aplicando medidas de seguridad adecuadas.<\/p>\t\t\t\t\t\t\t\t<\/div>\n\t\t\t\t\t<\/div>\n\t\t\t\t<\/div>\n\t\t\t\t<\/div>\n\t\t","protected":false},"excerpt":{"rendered":"<p>Pol\u00edticas de Privacidad En cumplimiento con lo dispuesto en el Reglamento (UE) 2016\/679 (RGPD) y la Ley Org\u00e1nica 3\/2018 de Protecci\u00f3n de Datos Personales y Garant\u00eda de los Derechos Digitales (LOPDGDD), le informo de lo siguiente: 1. Responsable del tratamiento El responsable de los datos facilitados es Javier Garc\u00eda Rivas, actuando como particular, con el [&hellip;]<\/p>\n","protected":false},"author":1,"featured_media":0,"parent":0,"menu_order":0,"comment_status":"closed","ping_status":"closed","template":"elementor_canvas","meta":{"footnotes":""},"class_list":["post-3","page","type-page","status-publish","hentry"],"_links":{"self":[{"href":"https:\/\/propietarios.roomuscr.com\/index.php\/wp-json\/wp\/v2\/pages\/3","targetHints":{"allow":["GET"]}}],"collection":[{"href":"https:\/\/propietarios.roomuscr.com\/index.php\/wp-json\/wp\/v2\/pages"}],"about":[{"href":"https:\/\/propietarios.roomuscr.com\/index.php\/wp-json\/wp\/v2\/types\/page"}],"author":[{"embeddable":true,"href":"https:\/\/propietarios.roomuscr.com\/index.php\/wp-json\/wp\/v2\/users\/1"}],"replies":[{"embeddable":true,"href":"https:\/\/propietarios.roomuscr.com\/index.php\/wp-json\/wp\/v2\/comments?post=3"}],"version-history":[{"count":13,"href":"https:\/\/propietarios.roomuscr.com\/index.php\/wp-json\/wp\/v2\/pages\/3\/revisions"}],"predecessor-version":[{"id":571,"href":"https:\/\/propietarios.roomuscr.com\/index.php\/wp-json\/wp\/v2\/pages\/3\/revisions\/571"}],"wp:attachment":[{"href":"https:\/\/propietarios.roomuscr.com\/index.php\/wp-json\/wp\/v2\/media?parent=3"}],"curies":[{"name":"wp","href":"https:\/\/api.w.org\/{rel}","templated":true}]}}